{"id":13,"date":"2024-05-08T18:09:48","date_gmt":"2024-05-08T16:09:48","guid":{"rendered":"https:\/\/dorianerosset.wordpress.com\/?page_id=13"},"modified":"2026-04-29T14:11:01","modified_gmt":"2026-04-29T12:11:01","slug":"apprentis","status":"publish","type":"page","link":"https:\/\/www.photogare.ch\/index.php\/apprentis\/","title":{"rendered":"Apprentis"},"content":{"rendered":"\n<div class=\"wp-block-columns alignwide is-layout-flex wp-container-core-columns-is-layout-28f84493 wp-block-columns-is-layout-flex\">\n<div class=\"wp-block-column is-vertically-aligned-center is-layout-flow wp-block-column-is-layout-flow\">\n<p id=\"u430-4\">Je remercie vivement mes anciens apprentis qui ont tous effectu\u00e9 leur formation avec succ\u00e8s.<\/p>\n\n\n\n<p id=\"u430-6\">Ils ont obtenu leur CFC apr\u00e8s trois ann\u00e9es de collaboration et je leur souhaite une bonne suite \u00e0 tous.<\/p>\n<\/div>\n\n\n\n<div class=\"wp-block-column is-vertically-aligned-center is-layout-flow wp-block-column-is-layout-flow\">\n<figure class=\"wp-block-image size-large\"><img fetchpriority=\"high\" decoding=\"async\" width=\"1024\" height=\"683\" src=\"https:\/\/www.photogare.ch\/wp-content\/uploads\/2024\/05\/apprentis_photogare-1024x683.jpg\" alt=\"\" class=\"wp-image-154\" srcset=\"https:\/\/www.photogare.ch\/wp-content\/uploads\/2024\/05\/apprentis_photogare-1024x683.jpg 1024w, https:\/\/www.photogare.ch\/wp-content\/uploads\/2024\/05\/apprentis_photogare-300x200.jpg 300w, https:\/\/www.photogare.ch\/wp-content\/uploads\/2024\/05\/apprentis_photogare-768x512.jpg 768w, https:\/\/www.photogare.ch\/wp-content\/uploads\/2024\/05\/apprentis_photogare-1536x1024.jpg 1536w\" sizes=\"(max-width: 1024px) 100vw, 1024px\" \/><figcaption class=\"wp-element-caption\">Sortie de mes anciens apprentis 2018<\/figcaption><\/figure>\n<\/div>\n<\/div>\n\n\n\n<div class=\"wp-block-group alignwide is-layout-constrained wp-container-core-group-is-layout-e220c6fd wp-block-group-is-layout-constrained\" style=\"margin-top:0;margin-bottom:0;padding-top:calc( 0.5 * var(--wp--style--root--padding-right, var(--wp--custom--gap--horizontal)));padding-right:var(--wp--style--root--padding-right, var(--wp--custom--gap--horizontal));padding-bottom:calc( 0.5 * var(--wp--style--root--padding-right, var(--wp--custom--gap--horizontal)));padding-left:var(--wp--style--root--padding-left, var(--wp--custom--gap--horizontal))\">\n<figure class=\"wp-block-table alignwide is-style-regular\"><table><thead><tr><th>Apprenti<\/th><th>Ann\u00e9e<\/th><th>Distinction<\/th><\/tr><\/thead><tbody><tr><td>Rayan Gr\u00e9goir<\/td><td>2024<\/td><td><em>1er prix de classe<\/em><\/td><\/tr><tr><td>Beatriz Rodrigues<\/td><td>2023<\/td><td>1\u00e8re en pratique &amp; 2\u00e8me prix de classe<\/td><\/tr><tr><td>Margaux Barr\u00e9<\/td><td>2021<\/td><td><em>1er prix de classe<\/em><\/td><\/tr><tr><td>Laure Sallin<\/td><td>2020<\/td><td><em>3\u00e8me prix de classe<\/em><\/td><\/tr><tr><td>Gabriel Delarageaz<\/td><td>2019<\/td><td><em>1er prix de classe<\/em><\/td><\/tr><tr><td>Darina Zahnd<\/td><td>2018<\/td><td><em>1er prix de classe<\/em><\/td><\/tr><tr><td>Elena Peirera<\/td><td>2017<\/td><td><em>1er prix de classe<\/em><\/td><\/tr><tr><td>Eloise Marchese<\/td><td>2015<\/td><td>&#8211;<\/td><\/tr><tr><td>Nicolas Felli<\/td><td>&#8211;<\/td><td><em>Stagiaire durant 1 an<\/em><\/td><\/tr><tr><td>Gregory Eaves<\/td><td>2012<\/td><td><em>3\u00e8me prix de classe<\/em><\/td><\/tr><tr><td>Mehdi Benkler<\/td><td>2011<\/td><td>1<em>er prix de classe et meilleur apprenti du canton<\/em><\/td><\/tr><tr><td>Viviana Zerbo<\/td><td>2010<\/td><td>&#8211;<\/td><\/tr><tr><td>Fanny Rachez<\/td><td>2009<\/td><td>&#8211;<\/td><\/tr><tr><td>Elise Mory<\/td><td>2007<\/td><td><em>3\u00e8me prix de classe<\/em><\/td><\/tr><tr><td>Sidonie Jolidon<\/td><td>2007<\/td><td>&#8211;<\/td><\/tr><tr><td>Virginie Deppierraz<\/td><td>2006<\/td><td>&#8211;<\/td><\/tr><tr><td>Anthony Rochat<\/td><td>2006<\/td><td><em>2\u00e8me prix de classe<\/em><\/td><\/tr><tr><td>Isabelle F\u00e9lalime<\/td><td>2005<\/td><td>&#8211;<\/td><\/tr><tr><td>C\u00e9dric Vall\u00e9lian<\/td><td>2004<\/td><td>&#8211;<\/td><\/tr><tr><td>Thomas Buache<\/td><td>2003<\/td><td><em>1er prix de classe<\/em><\/td><\/tr><tr><td>Samuel Fromhold<\/td><td>2002<\/td><td><em>2\u00e8me prix de classe<\/em><\/td><\/tr><tr><td>Anne Sophie Maison<\/td><td>2001<\/td><td>&#8211;<\/td><\/tr><tr><td>Sara Soulier<\/td><td>1996<\/td><td><em>3\u00e8me prix de classe<\/em><\/td><\/tr><tr><td>Virginie Chevallez<\/td><td>1994<\/td><td>&#8211;<\/td><\/tr><tr><td>Christel Nicolas<\/td><td>1994<\/td><td>&#8211;<\/td><\/tr><tr><td>Jenny Vallotton<\/td><td>1990<\/td><td><em>2\u00e8me prix de classe<\/em><\/td><\/tr><\/tbody><\/table><\/figure>\n<\/div>\n\n\n\n<div class=\"wp-block-columns is-layout-flex wp-container-core-columns-is-layout-28f84493 wp-block-columns-is-layout-flex\">\n<div class=\"wp-block-column is-layout-flow wp-block-column-is-layout-flow\"><\/div>\n<\/div>\n","protected":false},"excerpt":{"rendered":"<p>Je remercie vivement mes anciens apprentis qui ont tous effectu\u00e9 leur formation avec succ\u00e8s. Ils ont obtenu leur CFC apr\u00e8s trois ann\u00e9es de collaboration et je leur souhaite une bonne suite \u00e0 tous. Apprenti Ann\u00e9e Distinction Rayan Gr\u00e9goir 2024 1er prix de classe Beatriz Rodrigues 2023 1\u00e8re en pratique &amp; 2\u00e8me prix de classe Margaux [&hellip;]<\/p>\n","protected":false},"author":1,"featured_media":0,"parent":0,"menu_order":0,"comment_status":"closed","ping_status":"closed","template":"","meta":{"footnotes":""},"class_list":["post-13","page","type-page","status-publish","hentry"],"_links":{"self":[{"href":"https:\/\/www.photogare.ch\/index.php\/wp-json\/wp\/v2\/pages\/13","targetHints":{"allow":["GET"]}}],"collection":[{"href":"https:\/\/www.photogare.ch\/index.php\/wp-json\/wp\/v2\/pages"}],"about":[{"href":"https:\/\/www.photogare.ch\/index.php\/wp-json\/wp\/v2\/types\/page"}],"author":[{"embeddable":true,"href":"https:\/\/www.photogare.ch\/index.php\/wp-json\/wp\/v2\/users\/1"}],"replies":[{"embeddable":true,"href":"https:\/\/www.photogare.ch\/index.php\/wp-json\/wp\/v2\/comments?post=13"}],"version-history":[{"count":1,"href":"https:\/\/www.photogare.ch\/index.php\/wp-json\/wp\/v2\/pages\/13\/revisions"}],"predecessor-version":[{"id":790,"href":"https:\/\/www.photogare.ch\/index.php\/wp-json\/wp\/v2\/pages\/13\/revisions\/790"}],"wp:attachment":[{"href":"https:\/\/www.photogare.ch\/index.php\/wp-json\/wp\/v2\/media?parent=13"}],"curies":[{"name":"wp","href":"https:\/\/api.w.org\/{rel}","templated":true}]}}