{"id":14,"date":"2024-05-08T18:09:46","date_gmt":"2024-05-08T16:09:46","guid":{"rendered":"https:\/\/dorianerosset.wordpress.com\/?page_id=14"},"modified":"2026-04-29T14:31:27","modified_gmt":"2026-04-29T12:31:27","slug":"magasin","status":"publish","type":"page","link":"https:\/\/www.photogare.ch\/index.php\/magasin\/","title":{"rendered":"Magasin"},"content":{"rendered":"\n<div class=\"wp-block-columns alignwide is-layout-flex wp-container-core-columns-is-layout-28f84493 wp-block-columns-is-layout-flex\">\n<div class=\"wp-block-column is-layout-flow wp-block-column-is-layout-flow\" style=\"flex-basis:100%\">\n<p class=\"has-small-font-size\">Notre stock correspond \u00e0 une s\u00e9lection r\u00e9guli\u00e8re des meilleurs produits dans leurs rapports qualit\u00e9 prix du moment. Vous \u00eates servis et conseill\u00e9s par des photographes form\u00e9s et exp\u00e9riment\u00e9s qui sauront trouver le mat\u00e9riel adapt\u00e9 \u00e0 chacun de vos besoins, accompagn\u00e9 d\u2019explications ou de formations ad\u00e9quates pour la d\u00e9couverte de votre mat\u00e9riel.<\/p>\n<\/div>\n<\/div>\n\n\n\n<div class=\"wp-block-columns alignwide is-layout-flex wp-container-core-columns-is-layout-28f84493 wp-block-columns-is-layout-flex\">\n<div class=\"wp-block-column is-layout-flow wp-block-column-is-layout-flow\">\n<figure class=\"wp-block-gallery has-nested-images columns-default is-cropped wp-block-gallery-1 is-layout-flex wp-block-gallery-is-layout-flex\">\n<figure class=\"wp-block-image size-large\"><img fetchpriority=\"high\" decoding=\"async\" width=\"1021\" height=\"768\" data-id=\"300\" src=\"https:\/\/www.photogare.ch\/wp-content\/uploads\/2024\/05\/vitrine-photogare.jpg\" alt=\"\" class=\"wp-image-300\" srcset=\"https:\/\/www.photogare.ch\/wp-content\/uploads\/2024\/05\/vitrine-photogare.jpg 1021w, https:\/\/www.photogare.ch\/wp-content\/uploads\/2024\/05\/vitrine-photogare-300x226.jpg 300w, https:\/\/www.photogare.ch\/wp-content\/uploads\/2024\/05\/vitrine-photogare-768x578.jpg 768w\" sizes=\"(max-width: 1021px) 100vw, 1021px\" \/><\/figure>\n\n\n\n<figure class=\"wp-block-image size-large\"><img decoding=\"async\" width=\"1024\" height=\"683\" data-id=\"302\" src=\"https:\/\/www.photogare.ch\/wp-content\/uploads\/2024\/05\/dscf4630-1024x683.jpg\" alt=\"\" class=\"wp-image-302\" srcset=\"https:\/\/www.photogare.ch\/wp-content\/uploads\/2024\/05\/dscf4630-1024x683.jpg 1024w, https:\/\/www.photogare.ch\/wp-content\/uploads\/2024\/05\/dscf4630-300x200.jpg 300w, https:\/\/www.photogare.ch\/wp-content\/uploads\/2024\/05\/dscf4630-768x512.jpg 768w, https:\/\/www.photogare.ch\/wp-content\/uploads\/2024\/05\/dscf4630-1536x1024.jpg 1536w, https:\/\/www.photogare.ch\/wp-content\/uploads\/2024\/05\/dscf4630-2048x1365.jpg 2048w\" sizes=\"(max-width: 1024px) 100vw, 1024px\" \/><\/figure>\n\n\n\n<figure class=\"wp-block-image size-large\"><img decoding=\"async\" width=\"1024\" height=\"872\" data-id=\"304\" src=\"https:\/\/www.photogare.ch\/wp-content\/uploads\/2024\/05\/y_burdet_photogarec2a9001_09-3-e1777465132391-1024x872.jpg\" alt=\"\" class=\"wp-image-304\" srcset=\"https:\/\/www.photogare.ch\/wp-content\/uploads\/2024\/05\/y_burdet_photogarec2a9001_09-3-e1777465132391-1024x872.jpg 1024w, https:\/\/www.photogare.ch\/wp-content\/uploads\/2024\/05\/y_burdet_photogarec2a9001_09-3-e1777465132391-300x256.jpg 300w, https:\/\/www.photogare.ch\/wp-content\/uploads\/2024\/05\/y_burdet_photogarec2a9001_09-3-e1777465132391-768x654.jpg 768w, https:\/\/www.photogare.ch\/wp-content\/uploads\/2024\/05\/y_burdet_photogarec2a9001_09-3-e1777465132391-1536x1308.jpg 1536w, https:\/\/www.photogare.ch\/wp-content\/uploads\/2024\/05\/y_burdet_photogarec2a9001_09-3-e1777465132391.jpg 1538w\" sizes=\"(max-width: 1024px) 100vw, 1024px\" \/><\/figure>\n\n\n\n<figure class=\"wp-block-image size-large\"><img loading=\"lazy\" decoding=\"async\" width=\"1024\" height=\"683\" data-id=\"305\" src=\"https:\/\/www.photogare.ch\/wp-content\/uploads\/2024\/05\/y_burdet_photogarec2a9001_01-1024x683.jpg\" alt=\"\" class=\"wp-image-305\" srcset=\"https:\/\/www.photogare.ch\/wp-content\/uploads\/2024\/05\/y_burdet_photogarec2a9001_01-1024x683.jpg 1024w, https:\/\/www.photogare.ch\/wp-content\/uploads\/2024\/05\/y_burdet_photogarec2a9001_01-300x200.jpg 300w, https:\/\/www.photogare.ch\/wp-content\/uploads\/2024\/05\/y_burdet_photogarec2a9001_01-768x512.jpg 768w, https:\/\/www.photogare.ch\/wp-content\/uploads\/2024\/05\/y_burdet_photogarec2a9001_01-1536x1024.jpg 1536w, https:\/\/www.photogare.ch\/wp-content\/uploads\/2024\/05\/y_burdet_photogarec2a9001_01-2048x1365.jpg 2048w\" sizes=\"(max-width: 1024px) 100vw, 1024px\" \/><\/figure>\n\n\n\n<figure class=\"wp-block-image size-large\"><img loading=\"lazy\" decoding=\"async\" width=\"1024\" height=\"777\" data-id=\"307\" src=\"https:\/\/www.photogare.ch\/wp-content\/uploads\/2024\/05\/y_burdet_photogarec2a9001_10-1024x777.jpg\" alt=\"\" class=\"wp-image-307\" srcset=\"https:\/\/www.photogare.ch\/wp-content\/uploads\/2024\/05\/y_burdet_photogarec2a9001_10-1024x777.jpg 1024w, https:\/\/www.photogare.ch\/wp-content\/uploads\/2024\/05\/y_burdet_photogarec2a9001_10-300x228.jpg 300w, https:\/\/www.photogare.ch\/wp-content\/uploads\/2024\/05\/y_burdet_photogarec2a9001_10-768x583.jpg 768w, https:\/\/www.photogare.ch\/wp-content\/uploads\/2024\/05\/y_burdet_photogarec2a9001_10-1536x1165.jpg 1536w, https:\/\/www.photogare.ch\/wp-content\/uploads\/2024\/05\/y_burdet_photogarec2a9001_10.jpg 1989w\" sizes=\"(max-width: 1024px) 100vw, 1024px\" \/><\/figure>\n\n\n\n<figure class=\"wp-block-image size-large\"><img loading=\"lazy\" decoding=\"async\" width=\"1024\" height=\"683\" data-id=\"308\" src=\"https:\/\/www.photogare.ch\/wp-content\/uploads\/2024\/05\/y_burdet_photogarec2a9001_11-1024x683.jpg\" alt=\"\" class=\"wp-image-308\" srcset=\"https:\/\/www.photogare.ch\/wp-content\/uploads\/2024\/05\/y_burdet_photogarec2a9001_11-1024x683.jpg 1024w, https:\/\/www.photogare.ch\/wp-content\/uploads\/2024\/05\/y_burdet_photogarec2a9001_11-300x200.jpg 300w, https:\/\/www.photogare.ch\/wp-content\/uploads\/2024\/05\/y_burdet_photogarec2a9001_11-768x512.jpg 768w, https:\/\/www.photogare.ch\/wp-content\/uploads\/2024\/05\/y_burdet_photogarec2a9001_11-1536x1024.jpg 1536w, https:\/\/www.photogare.ch\/wp-content\/uploads\/2024\/05\/y_burdet_photogarec2a9001_11-2048x1365.jpg 2048w\" sizes=\"(max-width: 1024px) 100vw, 1024px\" \/><\/figure>\n<\/figure>\n<\/div>\n<\/div>\n","protected":false},"excerpt":{"rendered":"<p>Notre stock correspond \u00e0 une s\u00e9lection r\u00e9guli\u00e8re des meilleurs produits dans leurs rapports qualit\u00e9 prix du moment. Vous \u00eates servis et conseill\u00e9s par des photographes form\u00e9s et exp\u00e9riment\u00e9s qui sauront trouver le mat\u00e9riel adapt\u00e9 \u00e0 chacun de vos besoins, accompagn\u00e9 d\u2019explications ou de formations ad\u00e9quates pour la d\u00e9couverte de votre mat\u00e9riel.<\/p>\n","protected":false},"author":1,"featured_media":0,"parent":0,"menu_order":0,"comment_status":"closed","ping_status":"closed","template":"","meta":{"footnotes":""},"class_list":["post-14","page","type-page","status-publish","hentry"],"_links":{"self":[{"href":"https:\/\/www.photogare.ch\/index.php\/wp-json\/wp\/v2\/pages\/14","targetHints":{"allow":["GET"]}}],"collection":[{"href":"https:\/\/www.photogare.ch\/index.php\/wp-json\/wp\/v2\/pages"}],"about":[{"href":"https:\/\/www.photogare.ch\/index.php\/wp-json\/wp\/v2\/types\/page"}],"author":[{"embeddable":true,"href":"https:\/\/www.photogare.ch\/index.php\/wp-json\/wp\/v2\/users\/1"}],"replies":[{"embeddable":true,"href":"https:\/\/www.photogare.ch\/index.php\/wp-json\/wp\/v2\/comments?post=14"}],"version-history":[{"count":2,"href":"https:\/\/www.photogare.ch\/index.php\/wp-json\/wp\/v2\/pages\/14\/revisions"}],"predecessor-version":[{"id":807,"href":"https:\/\/www.photogare.ch\/index.php\/wp-json\/wp\/v2\/pages\/14\/revisions\/807"}],"wp:attachment":[{"href":"https:\/\/www.photogare.ch\/index.php\/wp-json\/wp\/v2\/media?parent=14"}],"curies":[{"name":"wp","href":"https:\/\/api.w.org\/{rel}","templated":true}]}}