{"id":265,"date":"2024-05-20T17:49:56","date_gmt":"2024-05-20T15:49:56","guid":{"rendered":"https:\/\/dorianerosset.wordpress.com\/?page_id=265"},"modified":"2026-04-29T14:27:56","modified_gmt":"2026-04-29T12:27:56","slug":"laboratoire-noir-et-blanc","status":"publish","type":"page","link":"https:\/\/www.photogare.ch\/index.php\/laboratoire-noir-et-blanc\/","title":{"rendered":"Laboratoire noir et blanc"},"content":{"rendered":"\n<div class=\"wp-block-columns alignwide is-layout-flex wp-container-core-columns-is-layout-28f84493 wp-block-columns-is-layout-flex\">\n<div class=\"wp-block-column is-layout-flow wp-block-column-is-layout-flow\" style=\"flex-basis:50%\">\n<p class=\"has-small-font-size\">Le laboratoire Photogare, install\u00e9 \u00e0 Morges depuis 1959, est un atelier de tirages photos argentique et num\u00e9riques professionnels qui s\u2019adresse aux amateurs, artistes, photographes, collectionneurs, ou \u2026mus\u00e9e.<\/p>\n\n\n\n<div class=\"wp-block-group alignfull is-layout-constrained wp-block-group-is-layout-constrained\">\n<h2 class=\"wp-block-heading alignwide has-medium-font-size\"><strong>D\u00e9veloppement &amp; Scan<\/strong><\/h2>\n\n\n\n<div class=\"wp-block-columns is-layout-flex wp-container-core-columns-is-layout-28f84493 wp-block-columns-is-layout-flex\">\n<div class=\"wp-block-column is-layout-flow wp-container-core-column-is-layout-8a368f38 wp-block-column-is-layout-flow\" style=\"flex-basis:100%\">\n<div class=\"wp-block-group has-small-font-size is-nowrap is-layout-flex wp-container-core-group-is-layout-cf8611ab wp-block-group-is-layout-flex\" style=\"border-bottom-width:1px;padding-top:8px;padding-bottom:8px\">\n<p class=\"wp-container-content-9cfa9a5a\"><strong>Film 120<\/strong><\/p>\n\n\n\n<p class=\"has-text-align-center\">Noir &amp; blanc, seul<\/p>\n\n\n\n<p class=\"has-text-align-right wp-container-content-9cfa9a5a\">14,50.-<\/p>\n<\/div>\n\n\n\n<div class=\"wp-block-group has-small-font-size is-content-justification-left is-nowrap is-layout-flex wp-container-core-group-is-layout-4507a7ab wp-block-group-is-layout-flex\" style=\"border-bottom-width:1px;padding-top:8px;padding-bottom:8px\">\n<p class=\"wp-container-content-9cfa9a5a\"><strong>Film 120<\/strong><\/p>\n\n\n\n<p class=\"has-text-align-center\">Noir &amp; blanc, + copies<\/p>\n\n\n\n<p class=\"has-text-align-right wp-container-content-9cfa9a5a\">12,50.-<\/p>\n<\/div>\n\n\n\n<div class=\"wp-block-group has-small-font-size is-content-justification-left is-nowrap is-layout-flex wp-container-core-group-is-layout-4507a7ab wp-block-group-is-layout-flex\" style=\"border-bottom-width:1px;padding-top:8px;padding-bottom:8px\">\n<p class=\"wp-container-content-9cfa9a5a\"><strong>Film 135<\/strong><\/p>\n\n\n\n<p class=\"has-text-align-center\">Noir &amp; blanc, seul<\/p>\n\n\n\n<p class=\"has-text-align-right wp-container-content-9cfa9a5a\">12,50.-<\/p>\n<\/div>\n\n\n\n<div class=\"wp-block-group has-small-font-size is-content-justification-left is-nowrap is-layout-flex wp-container-core-group-is-layout-4507a7ab wp-block-group-is-layout-flex\" style=\"border-bottom-width:1px;padding-top:8px;padding-bottom:8px\">\n<p class=\"has-text-align-left wp-container-content-9cfa9a5a\"><strong>Film 135<\/strong><\/p>\n\n\n\n<p class=\"has-text-align-center\">Noir &amp; blanc, + copies<\/p>\n\n\n\n<p class=\"has-text-align-right wp-container-content-9cfa9a5a\">11.-<\/p>\n<\/div>\n<\/div>\n<\/div>\n<\/div>\n\n\n\n<p><strong>Tirages <\/strong>film frais d\u2019apr\u00e8s liste tirages num\u00e9riques*<\/p>\n<\/div>\n\n\n\n<div class=\"wp-block-column is-vertically-aligned-center is-layout-flow wp-container-core-column-is-layout-8a368f38 wp-block-column-is-layout-flow\" style=\"flex-basis:50%\">\n<figure class=\"wp-block-image size-large\"><img fetchpriority=\"high\" decoding=\"async\" width=\"1024\" height=\"683\" src=\"https:\/\/www.photogare.ch\/wp-content\/uploads\/2024\/05\/reportage-f51984-gabcunrio-hd-1-1024x683.jpg\" alt=\"\" class=\"wp-image-270\" srcset=\"https:\/\/www.photogare.ch\/wp-content\/uploads\/2024\/05\/reportage-f51984-gabcunrio-hd-1-1024x683.jpg 1024w, https:\/\/www.photogare.ch\/wp-content\/uploads\/2024\/05\/reportage-f51984-gabcunrio-hd-1-300x200.jpg 300w, https:\/\/www.photogare.ch\/wp-content\/uploads\/2024\/05\/reportage-f51984-gabcunrio-hd-1-768x512.jpg 768w, https:\/\/www.photogare.ch\/wp-content\/uploads\/2024\/05\/reportage-f51984-gabcunrio-hd-1-1536x1024.jpg 1536w, https:\/\/www.photogare.ch\/wp-content\/uploads\/2024\/05\/reportage-f51984-gabcunrio-hd-1-2048x1365.jpg 2048w\" sizes=\"(max-width: 1024px) 100vw, 1024px\" \/><\/figure>\n\n\n\n<div style=\"height:17px\" aria-hidden=\"true\" class=\"wp-block-spacer\"><\/div>\n\n\n\n<p class=\"has-small-font-size\" id=\"u412-2\">Nous r\u00e9alisons&nbsp; aussi \u00e0 la main des tirages baryt\u00e9s traditionnels ou RC&nbsp; \u00e0 partir de sources argentiques noir et blanc.<br>Ce proc\u00e9d\u00e9 permet d\u2019associer la pr\u00e9cision, au rendu inimitable des tirages sur papier baryt\u00e9 traditionnel.<br>Les prix sur demande.<\/p>\n<\/div>\n<\/div>\n\n\n\n<div class=\"wp-block-group alignwide is-layout-constrained wp-block-group-is-layout-constrained\">\n<h2 class=\"wp-block-heading alignwide has-large-font-size\"><strong>Tirages num\u00e9riques<\/strong><\/h2>\n\n\n\n<p class=\"has-text-align-center\">Papiers traditionnels : brillant et mat perl\u00e9\/semi-mat<\/p>\n\n\n\n<figure class=\"wp-block-table alignfull is-style-regular has-small-font-size\"><table class=\"has-foreground-color has-text-color has-link-color has-fixed-layout\"><tbody><tr><td><\/td><td class=\"has-text-align-center\" data-align=\"center\"><strong>1 \u00e0 5<\/strong><\/td><td class=\"has-text-align-center\" data-align=\"center\"><strong>5 \u00e0 10<\/strong><\/td><td class=\"has-text-align-center\" data-align=\"center\"><strong>10 \u00e0 100<\/strong><\/td><td class=\"has-text-align-center\" data-align=\"center\"><strong>100 \u00e0 200<\/strong><\/td><\/tr><tr><td><strong>9&#215;13 cm<\/strong><\/td><td class=\"has-text-align-center\" data-align=\"center\">1,50.-<\/td><td class=\"has-text-align-center\" data-align=\"center\">1.-<\/td><td class=\"has-text-align-center\" data-align=\"center\">0,80.-<\/td><td class=\"has-text-align-center\" data-align=\"center\">0,70.-<\/td><\/tr><tr><td><strong>10&#215;15 cm<\/strong><\/td><td class=\"has-text-align-center\" data-align=\"center\">1,60.-<\/td><td class=\"has-text-align-center\" data-align=\"center\">1,10.-<\/td><td class=\"has-text-align-center\" data-align=\"center\">0,90.-<\/td><td class=\"has-text-align-center\" data-align=\"center\">0,80.-<\/td><\/tr><tr><td><strong>13&#215;18 cm<\/strong><\/td><td class=\"has-text-align-center\" data-align=\"center\">2,50.-<\/td><td class=\"has-text-align-center\" data-align=\"center\">2.-<\/td><td class=\"has-text-align-center\" data-align=\"center\">1,50.-<\/td><td class=\"has-text-align-center\" data-align=\"center\">1,20.-<\/td><\/tr><\/tbody><\/table><\/figure>\n<\/div>\n\n\n\n<p><\/p>\n\n\n\n<div class=\"wp-block-group alignwide is-nowrap is-layout-flex wp-container-core-group-is-layout-ea27bb35 wp-block-group-is-layout-flex\" style=\"margin-top:0;margin-bottom:0;padding-right:0;padding-left:0\">\n<figure class=\"wp-block-gallery has-nested-images columns-default is-cropped wp-block-gallery-1 is-layout-flex wp-block-gallery-is-layout-flex\">\n<figure class=\"wp-block-image size-full\"><img decoding=\"async\" width=\"1464\" height=\"1965\" data-id=\"802\" src=\"https:\/\/www.photogare.ch\/wp-content\/uploads\/2026\/04\/devfilm-1.png\" alt=\"\" class=\"wp-image-802\" srcset=\"https:\/\/www.photogare.ch\/wp-content\/uploads\/2026\/04\/devfilm-1.png 1464w, https:\/\/www.photogare.ch\/wp-content\/uploads\/2026\/04\/devfilm-1-224x300.png 224w, https:\/\/www.photogare.ch\/wp-content\/uploads\/2026\/04\/devfilm-1-763x1024.png 763w, https:\/\/www.photogare.ch\/wp-content\/uploads\/2026\/04\/devfilm-1-768x1031.png 768w, https:\/\/www.photogare.ch\/wp-content\/uploads\/2026\/04\/devfilm-1-1144x1536.png 1144w\" sizes=\"(max-width: 1464px) 100vw, 1464px\" \/><\/figure>\n\n\n\n<figure class=\"wp-block-image size-large\"><img decoding=\"async\" width=\"764\" height=\"1024\" data-id=\"801\" src=\"https:\/\/www.photogare.ch\/wp-content\/uploads\/2026\/04\/devfilm-2-764x1024.png\" alt=\"\" class=\"wp-image-801\" srcset=\"https:\/\/www.photogare.ch\/wp-content\/uploads\/2026\/04\/devfilm-2-764x1024.png 764w, https:\/\/www.photogare.ch\/wp-content\/uploads\/2026\/04\/devfilm-2-224x300.png 224w, https:\/\/www.photogare.ch\/wp-content\/uploads\/2026\/04\/devfilm-2-768x1029.png 768w, https:\/\/www.photogare.ch\/wp-content\/uploads\/2026\/04\/devfilm-2-1146x1536.png 1146w, https:\/\/www.photogare.ch\/wp-content\/uploads\/2026\/04\/devfilm-2.png 1470w\" sizes=\"(max-width: 764px) 100vw, 764px\" \/><\/figure>\n\n\n\n<figure class=\"wp-block-image size-large\"><img loading=\"lazy\" decoding=\"async\" width=\"703\" height=\"1024\" data-id=\"800\" src=\"https:\/\/www.photogare.ch\/wp-content\/uploads\/2026\/04\/devfilm-3-703x1024.png\" alt=\"\" class=\"wp-image-800\" srcset=\"https:\/\/www.photogare.ch\/wp-content\/uploads\/2026\/04\/devfilm-3-703x1024.png 703w, https:\/\/www.photogare.ch\/wp-content\/uploads\/2026\/04\/devfilm-3-206x300.png 206w, https:\/\/www.photogare.ch\/wp-content\/uploads\/2026\/04\/devfilm-3-768x1118.png 768w, https:\/\/www.photogare.ch\/wp-content\/uploads\/2026\/04\/devfilm-3-1055x1536.png 1055w, https:\/\/www.photogare.ch\/wp-content\/uploads\/2026\/04\/devfilm-3.png 1353w\" sizes=\"(max-width: 703px) 100vw, 703px\" \/><\/figure>\n<\/figure>\n<\/div>\n\n\n\n<div class=\"wp-block-columns alignwide is-layout-flex wp-container-core-columns-is-layout-28f84493 wp-block-columns-is-layout-flex\">\n<div class=\"wp-block-column is-vertically-aligned-center is-layout-flow wp-block-column-is-layout-flow\" style=\"flex-basis:60%\">\n<blockquote class=\"wp-block-quote is-layout-flow wp-container-core-quote-is-layout-8a368f38 wp-block-quote-is-layout-flow\">\n<p class=\"has-small-font-size\" id=\"u6572-2\"><strong>Le retour de l\u2019argentique, entre nostalgie et (re)d\u00e9couverte<\/strong><\/p>\n\n\n\n<p class=\"has-small-font-size\">Si on peut consid\u00e9rer que le retour \u00e0 l\u2019argentique est en plein essor, il ne faut pas oublier que, comme pour les disques vinyles, ce ne sera jamais plus comme avant mais\u2026 l\u2019int\u00e9r\u00eat p\u00e9dagogique par rapport au num\u00e9rique n\u2019est plus \u00e0 d\u00e9montrer.<\/p>\n\n\n\n<p class=\"has-small-font-size\">En effet, les prises de vue avec un appareil argentique correspondent \u00e0 une certaine philosophie de vie o\u00f9, enfin, l\u2019imm\u00e9diatet\u00e9 du num\u00e9rique est \u00e0 oublier. Prendre le temps de cadrer, de r\u00e9fl\u00e9chir au meilleur angle sachant que chaque image compte quand on a 36 poses, voire moins, \u00e0 disposition. Ensuite, lors du tirage en chambre noire c\u2019est la r\u00e9v\u00e9lation, l\u2019apparition de l\u2019\u0153uvre dans les bains. Un vrai rituel rempli d\u2019\u00e9motion et d\u2019attentes.<\/p>\n\n\n\n<p class=\"has-small-font-size\">En revanche, contrairement au num\u00e9rique, il est impossible de d\u00e9tecter les petits d\u00e9tails que l\u2019on peut retoucher gr\u00e2ce \u00e0 un logiciel ad hoc. En r\u00e9sum\u00e9, les appareils Leica, Nikon ou autres restent sur le pi\u00e9destal de l\u2019argentique pour une d\u00e9marche photographique destin\u00e9e \u00e0 une approche artistique.<\/p>\n\n\n\n<p class=\"has-small-font-size\">Le profil des amateurs et heureusement transg\u00e9n\u00e9rationnel. D\u2019une part les jeunes anim\u00e9s d\u2019une certaine curiosit\u00e9 qui souhaitent voir les diff\u00e9rences par rapport \u00e0 leur iPhone et les \u00abrendus\u00bb de l\u2019argentique. Ensuite les amoureux des beaux objets \u00e0 la technicit\u00e9 aboutie que sont les appareils de photos. Enfin, les personnes d\u2019\u00e2ge m\u00fbr qui ont gard\u00e9 leur appareil et pour qui, le num\u00e9rique reste une \u00e9nigme, mais qui veulent admirer leurs photos sur papier et non sur des \u00e9crans.<\/p>\n\n\n\n<p class=\"has-small-font-size\">Mais aujourd\u2019hui, o\u00f9 donc trouver ces sp\u00e9cialistes qui se font toujours plus rares? C\u2019est \u00e0 Morges, au studio Photogare, avenue de la Gare 10, que nous avons eu la chance de rencontrer les d\u00e9tenteurs d\u2019une si large palette de connaissances qui vont de l\u2019argentique au num\u00e9rique. En effet, Yves Burdet, le ma\u00eetre des lieux, nous parle avec enthousiasme de son studio-laboratoire photo qui a \u00abtravers\u00e9 deux si\u00e8cles\u00bb d\u2019\u00e9volutions technologiques. \u00abNous sommes contraints \u00e0 une remise en question permanente si nous voulons rester au top des nouvelles technologies et des demandes d\u2019une client\u00e8le toujours plus exigeante\u00bb d\u00e9clare-t-il et d\u2019ajouter: \u00abavec le retour d\u2019un int\u00e9r\u00eat marqu\u00e9 pour l\u2019argentique, mes connaissances acquises par le pass\u00e9 se trouvent remises au go\u00fbt du jour\u00bb conclut-il avec enthousiasme.<\/p>\n\n\n\n<p class=\"has-small-font-size\">Rappelons que ce studio-laboratoire, nouvellement install\u00e9 dans de vastes locaux \u00e0 l\u2019ambiance \u00abvintage\u00bb est une invitation \u00e0 la d\u00e9couverte en toute d\u00e9contraction. Vous serez accueillis par une sympathique \u00e9quipe de professionnels qui vous assure un service attentif et soign\u00e9. Hormis les travaux de base tel que, photo passeport, portrait, prise de vue technique, tous les travaux de scan, retouches, agrandissement et impressions multi-formats sur diff\u00e9rents supports,<\/p>\n\n\n\n<p class=\"has-small-font-size\">&nbsp;n\u2019ont plus de secrets pour elle.<\/p>\n\n\n\n<p class=\"has-small-font-size\">De plus, en r\u00e9ponse \u00e0 une demande croissante, Yves donne des cours \u00ab\u00e0 la carte\u00bb adapt\u00e9s \u00e0&nbsp; tous niveaux.<\/p>\n\n\n\n<p class=\"has-small-font-size\">Oui, vraiment chez Photogare vous renouez avec l\u2019art et la mati\u00e8re<\/p>\n<cite>Albert Bolomey<\/cite><\/blockquote>\n<\/div>\n\n\n\n<div class=\"wp-block-column is-vertically-aligned-center is-layout-flow wp-block-column-is-layout-flow\">\n<div class=\"wp-block-group is-vertical is-content-justification-center is-layout-flex wp-container-core-group-is-layout-ce155fab wp-block-group-is-layout-flex\">\n<figure class=\"wp-block-image size-large is-resized\"><img loading=\"lazy\" decoding=\"async\" width=\"301\" height=\"450\" src=\"https:\/\/www.photogare.ch\/wp-content\/uploads\/2024\/05\/photogare_yves_burdet_parisc2a9-2.jpg\" alt=\"\" class=\"wp-image-293\" style=\"width:269px;height:auto\" srcset=\"https:\/\/www.photogare.ch\/wp-content\/uploads\/2024\/05\/photogare_yves_burdet_parisc2a9-2.jpg 301w, https:\/\/www.photogare.ch\/wp-content\/uploads\/2024\/05\/photogare_yves_burdet_parisc2a9-2-201x300.jpg 201w\" sizes=\"(max-width: 301px) 100vw, 301px\" \/><\/figure>\n<\/div>\n\n\n\n<figure class=\"wp-block-image aligncenter size-full is-resized\"><img loading=\"lazy\" decoding=\"async\" width=\"450\" height=\"424\" src=\"https:\/\/www.photogare.ch\/wp-content\/uploads\/2024\/05\/veil-2.jpg\" alt=\"\" class=\"wp-image-282\" style=\"object-fit:cover;width:309px;height:auto\" srcset=\"https:\/\/www.photogare.ch\/wp-content\/uploads\/2024\/05\/veil-2.jpg 450w, https:\/\/www.photogare.ch\/wp-content\/uploads\/2024\/05\/veil-2-300x283.jpg 300w\" sizes=\"(max-width: 450px) 100vw, 450px\" \/><\/figure>\n\n\n\n<figure class=\"wp-block-image aligncenter size-large is-resized\"><img loading=\"lazy\" decoding=\"async\" width=\"450\" height=\"286\" src=\"https:\/\/www.photogare.ch\/wp-content\/uploads\/2024\/05\/avion2-per.jpg\" alt=\"\" class=\"wp-image-283\" style=\"object-fit:cover;width:308px;height:auto\" srcset=\"https:\/\/www.photogare.ch\/wp-content\/uploads\/2024\/05\/avion2-per.jpg 450w, https:\/\/www.photogare.ch\/wp-content\/uploads\/2024\/05\/avion2-per-300x191.jpg 300w\" sizes=\"(max-width: 450px) 100vw, 450px\" \/><\/figure>\n\n\n\n<figure class=\"wp-block-image aligncenter size-full is-resized\"><img loading=\"lazy\" decoding=\"async\" width=\"293\" height=\"450\" src=\"https:\/\/www.photogare.ch\/wp-content\/uploads\/2024\/05\/portrait.jpg\" alt=\"\" class=\"wp-image-285\" style=\"object-fit:cover;width:210px;height:auto\" srcset=\"https:\/\/www.photogare.ch\/wp-content\/uploads\/2024\/05\/portrait.jpg 293w, https:\/\/www.photogare.ch\/wp-content\/uploads\/2024\/05\/portrait-195x300.jpg 195w\" sizes=\"(max-width: 293px) 100vw, 293px\" \/><\/figure>\n<\/div>\n<\/div>\n\n\n\n<p><\/p>\n","protected":false},"excerpt":{"rendered":"<p>Le laboratoire Photogare, install\u00e9 \u00e0 Morges depuis 1959, est un atelier de tirages photos argentique et num\u00e9riques professionnels qui s\u2019adresse aux amateurs, artistes, photographes, collectionneurs, ou \u2026mus\u00e9e. D\u00e9veloppement &amp; Scan Film 120 Noir &amp; blanc, seul 14,50.- Film 120 Noir &amp; blanc, + copies 12,50.- Film 135 Noir &amp; blanc, seul 12,50.- Film 135 Noir [&hellip;]<\/p>\n","protected":false},"author":1,"featured_media":0,"parent":0,"menu_order":0,"comment_status":"closed","ping_status":"closed","template":"","meta":{"footnotes":""},"class_list":["post-265","page","type-page","status-publish","hentry"],"_links":{"self":[{"href":"https:\/\/www.photogare.ch\/index.php\/wp-json\/wp\/v2\/pages\/265","targetHints":{"allow":["GET"]}}],"collection":[{"href":"https:\/\/www.photogare.ch\/index.php\/wp-json\/wp\/v2\/pages"}],"about":[{"href":"https:\/\/www.photogare.ch\/index.php\/wp-json\/wp\/v2\/types\/page"}],"author":[{"embeddable":true,"href":"https:\/\/www.photogare.ch\/index.php\/wp-json\/wp\/v2\/users\/1"}],"replies":[{"embeddable":true,"href":"https:\/\/www.photogare.ch\/index.php\/wp-json\/wp\/v2\/comments?post=265"}],"version-history":[{"count":9,"href":"https:\/\/www.photogare.ch\/index.php\/wp-json\/wp\/v2\/pages\/265\/revisions"}],"predecessor-version":[{"id":805,"href":"https:\/\/www.photogare.ch\/index.php\/wp-json\/wp\/v2\/pages\/265\/revisions\/805"}],"wp:attachment":[{"href":"https:\/\/www.photogare.ch\/index.php\/wp-json\/wp\/v2\/media?parent=265"}],"curies":[{"name":"wp","href":"https:\/\/api.w.org\/{rel}","templated":true}]}}