{"id":342,"date":"2024-07-18T14:17:23","date_gmt":"2024-07-18T12:17:23","guid":{"rendered":"https:\/\/dorianerosset.wordpress.com\/?page_id=342"},"modified":"2025-07-08T16:15:16","modified_gmt":"2025-07-08T14:15:16","slug":"passeport","status":"publish","type":"page","link":"https:\/\/www.photogare.ch\/index.php\/passeport\/","title":{"rendered":"Passeport"},"content":{"rendered":"\n<div class=\"wp-block-columns alignwide is-layout-flex wp-container-core-columns-is-layout-28f84493 wp-block-columns-is-layout-flex\">\n<div class=\"wp-block-column is-layout-flow wp-block-column-is-layout-flow\" style=\"flex-basis:60%\">\n<p class=\"has-small-font-size\" id=\"u482-2\">Photos pour passeport, carte d&rsquo;identit\u00e9, visa, Suisse, France, Allemagne, Italie, tout autre pays au format standard.<br>Photo passeport standard de taille 35&#215;45 mm.<br>Photos pour passeport et visas aux formats sp\u00e9cial Canada, Etats-Unis, Inde et tout autre format photo passeport sp\u00e9cial de taille 5&#215;7, 5&#215;5 cm, &#8230;<br><\/p>\n\n\n\n<div class=\"wp-block-columns is-layout-flex wp-container-core-columns-is-layout-28f84493 wp-block-columns-is-layout-flex\">\n<div class=\"wp-block-column is-layout-flow wp-block-column-is-layout-flow\" style=\"flex-basis:50%\">\n<p class=\"has-small-font-size\" id=\"u482-16\">2 tirages ou Mail ou USB&nbsp; 25.-<br>4 tirages&nbsp;&nbsp;&nbsp;&nbsp; 30.-<br>6 tirages&nbsp;&nbsp;&nbsp;&nbsp; 35.-<br>8 tirages&nbsp;&nbsp;&nbsp;&nbsp; 40.-<br>10 tirages&nbsp;&nbsp; 45.-<br>12 tirages&nbsp;&nbsp;&nbsp; 50.-<br>+5.- par 2 photos suppl.<\/p>\n<\/div>\n\n\n\n<div class=\"wp-block-column is-layout-flow wp-block-column-is-layout-flow\" style=\"flex-basis:50%\">\n<figure class=\"wp-block-image aligncenter size-large is-resized\"><img fetchpriority=\"high\" decoding=\"async\" width=\"1535\" height=\"1535\" src=\"https:\/\/dorianerosset.wordpress.com\/wp-content\/uploads\/2024\/05\/kleber_ausweisbilder_welt-fr-copie.jpg?w=1024\" alt=\"\" class=\"wp-image-360\" style=\"width:185px;height:auto\" srcset=\"https:\/\/www.photogare.ch\/wp-content\/uploads\/2024\/05\/kleber_ausweisbilder_welt-fr-copie.jpg 1535w, https:\/\/www.photogare.ch\/wp-content\/uploads\/2024\/05\/kleber_ausweisbilder_welt-fr-copie-300x300.jpg 300w, https:\/\/www.photogare.ch\/wp-content\/uploads\/2024\/05\/kleber_ausweisbilder_welt-fr-copie-1024x1024.jpg 1024w, https:\/\/www.photogare.ch\/wp-content\/uploads\/2024\/05\/kleber_ausweisbilder_welt-fr-copie-150x150.jpg 150w, https:\/\/www.photogare.ch\/wp-content\/uploads\/2024\/05\/kleber_ausweisbilder_welt-fr-copie-768x768.jpg 768w\" sizes=\"(max-width: 1535px) 100vw, 1535px\" \/><\/figure>\n<\/div>\n<\/div>\n\n\n\n<p class=\"has-small-font-size\" id=\"u482-31\"><br>Rabais famille de 5.-\/pers \u00e0 partir de 4 personnes<br>Les images seront conserv\u00e9es environ 5 ans et peuvent \u00eatre recommand\u00e9es.<br>Photos de qualit\u00e9 sup\u00e9rieure pour vos CV en version digitale pour 5.- de plus<\/p>\n\n\n\n<p class=\"has-small-font-size\" id=\"u482-40\">Pas besoin de rendez-vous , nous avons un petit studio pour les passeports.<\/p>\n<\/div>\n\n\n\n<div class=\"wp-block-column is-vertically-aligned-center is-layout-flow wp-block-column-is-layout-flow\">\n<div class=\"wp-block-columns is-layout-flex wp-container-core-columns-is-layout-28f84493 wp-block-columns-is-layout-flex\">\n<div class=\"wp-block-column is-layout-constrained wp-block-column-is-layout-constrained\" style=\"flex-basis:100%\">\n<div class=\"wp-block-group alignwide is-layout-grid wp-container-core-group-is-layout-b757edec wp-block-group-is-layout-grid\">\n<figure class=\"wp-block-image size-medium wp-container-content-5e2576f9\"><img decoding=\"async\" width=\"303\" height=\"388\" src=\"https:\/\/dorianerosset.wordpress.com\/wp-content\/uploads\/2024\/05\/passeport.gif?w=234\" alt=\"\" class=\"wp-image-347\"\/><\/figure>\n\n\n\n<figure class=\"wp-block-image size-large wp-container-content-5e2576f9\"><img decoding=\"async\" width=\"1050\" height=\"1350\" src=\"https:\/\/dorianerosset.wordpress.com\/wp-content\/uploads\/2024\/07\/52060_passeport_35x45mm_dsc9934.jpg?w=796\" alt=\"\" class=\"wp-image-513\" srcset=\"https:\/\/www.photogare.ch\/wp-content\/uploads\/2024\/07\/52060_passeport_35x45mm_dsc9934.jpg 1050w, https:\/\/www.photogare.ch\/wp-content\/uploads\/2024\/07\/52060_passeport_35x45mm_dsc9934-233x300.jpg 233w, https:\/\/www.photogare.ch\/wp-content\/uploads\/2024\/07\/52060_passeport_35x45mm_dsc9934-796x1024.jpg 796w, https:\/\/www.photogare.ch\/wp-content\/uploads\/2024\/07\/52060_passeport_35x45mm_dsc9934-768x987.jpg 768w\" sizes=\"(max-width: 1050px) 100vw, 1050px\" \/><\/figure>\n\n\n\n<figure class=\"wp-block-image size-large wp-container-content-5e2576f9\"><img loading=\"lazy\" decoding=\"async\" width=\"283\" height=\"377\" src=\"https:\/\/dorianerosset.wordpress.com\/wp-content\/uploads\/2024\/07\/dscf9350-edited.jpg?w=283\" alt=\"\" class=\"wp-image-425\" srcset=\"https:\/\/www.photogare.ch\/wp-content\/uploads\/2024\/07\/dscf9350-edited.jpg 283w, https:\/\/www.photogare.ch\/wp-content\/uploads\/2024\/07\/dscf9350-edited-225x300.jpg 225w\" sizes=\"(max-width: 283px) 100vw, 283px\" \/><\/figure>\n\n\n\n<figure class=\"wp-block-image size-large\"><img loading=\"lazy\" decoding=\"async\" width=\"1181\" height=\"1575\" src=\"https:\/\/dorianerosset.wordpress.com\/wp-content\/uploads\/2024\/07\/52060_portrait_10x15mm_dsc9940-edited-1.jpg\" alt=\"\" class=\"wp-image-517\" srcset=\"https:\/\/www.photogare.ch\/wp-content\/uploads\/2024\/07\/52060_portrait_10x15mm_dsc9940-edited-1.jpg 1181w, https:\/\/www.photogare.ch\/wp-content\/uploads\/2024\/07\/52060_portrait_10x15mm_dsc9940-edited-1-225x300.jpg 225w, https:\/\/www.photogare.ch\/wp-content\/uploads\/2024\/07\/52060_portrait_10x15mm_dsc9940-edited-1-768x1024.jpg 768w, https:\/\/www.photogare.ch\/wp-content\/uploads\/2024\/07\/52060_portrait_10x15mm_dsc9940-edited-1-1152x1536.jpg 1152w\" sizes=\"(max-width: 1181px) 100vw, 1181px\" \/><\/figure>\n<\/div>\n<\/div>\n<\/div>\n<\/div>\n<\/div>\n\n\n\n<hr class=\"wp-block-separator alignfull has-text-color has-alpha-channel-opacity has-background is-style-wide\" style=\"background-color:#e5e5e5;color:#e5e5e5\"\/>\n","protected":false},"excerpt":{"rendered":"<p>Photos pour passeport, carte d&rsquo;identit\u00e9, visa, Suisse, France, Allemagne, Italie, tout autre pays au format standard.Photo passeport standard de taille 35&#215;45 mm.Photos pour passeport et visas aux formats sp\u00e9cial Canada, Etats-Unis, Inde et tout autre format photo passeport sp\u00e9cial de taille 5&#215;7, 5&#215;5 cm, &#8230; 2 tirages ou Mail ou USB&nbsp; 25.-4 tirages&nbsp;&nbsp;&nbsp;&nbsp; 30.-6 tirages&nbsp;&nbsp;&nbsp;&nbsp; [&hellip;]<\/p>\n","protected":false},"author":1,"featured_media":0,"parent":0,"menu_order":0,"comment_status":"closed","ping_status":"closed","template":"","meta":{"footnotes":""},"class_list":["post-342","page","type-page","status-publish","hentry"],"_links":{"self":[{"href":"https:\/\/www.photogare.ch\/index.php\/wp-json\/wp\/v2\/pages\/342","targetHints":{"allow":["GET"]}}],"collection":[{"href":"https:\/\/www.photogare.ch\/index.php\/wp-json\/wp\/v2\/pages"}],"about":[{"href":"https:\/\/www.photogare.ch\/index.php\/wp-json\/wp\/v2\/types\/page"}],"author":[{"embeddable":true,"href":"https:\/\/www.photogare.ch\/index.php\/wp-json\/wp\/v2\/users\/1"}],"replies":[{"embeddable":true,"href":"https:\/\/www.photogare.ch\/index.php\/wp-json\/wp\/v2\/comments?post=342"}],"version-history":[{"count":1,"href":"https:\/\/www.photogare.ch\/index.php\/wp-json\/wp\/v2\/pages\/342\/revisions"}],"predecessor-version":[{"id":780,"href":"https:\/\/www.photogare.ch\/index.php\/wp-json\/wp\/v2\/pages\/342\/revisions\/780"}],"wp:attachment":[{"href":"https:\/\/www.photogare.ch\/index.php\/wp-json\/wp\/v2\/media?parent=342"}],"curies":[{"name":"wp","href":"https:\/\/api.w.org\/{rel}","templated":true}]}}